{"id":18,"date":"2024-11-01T19:13:36","date_gmt":"2024-11-01T19:13:36","guid":{"rendered":"https:\/\/xn--nddebohistorier-5tb.dk\/?page_id=18"},"modified":"2024-11-10T20:11:46","modified_gmt":"2024-11-10T20:11:46","slug":"galgebakken","status":"publish","type":"page","link":"https:\/\/xn--nddebohistorier-5tb.dk\/?page_id=18","title":{"rendered":"Kvarteret omkring N\u00f8ddebo"},"content":{"rendered":"\n<p><strong>Artillerivangen med galgebakke og kaserne<\/strong><\/p>\n\n\n\n<p>\u00c6r\u00f8gade optr\u00e6der f\u00f8rste gang i Aarhus Vejviser i 1918, men da er det bare en grusvej uden huse. Det f\u00f8rste hus p\u00e5 vejen er nr.\u00a0 6, der kommer i 1919.\u00a0 Her bor beslagsmed R. Hansen. N\u00f8ddebo i nr. 5 bliver f\u00f8rste gang n\u00e6vnt i Vejviseren fra 1925. Samme \u00e5r som alle husene p\u00e5 vejen er beboede.<\/p>\n\n\n\n<p>Ved <a href=\"https:\/\/aarhuswiki.dk\/wiki\/Aarhus_Universitet\">Universitetet<\/a>, hvor <a href=\"https:\/\/aarhuswiki.dk\/wiki\/Ny_Munkegade\">Ny Munkegade<\/a> nu ender, l\u00e5 indtil engang i 1700-tallet <strong>Galgebakken<\/strong>: Helt bogstaveligt stedet, hvor folk blev h\u00e6ngt. Ny Munkegade gik til at begynde med bl.a. under navnet Galgebakkevej.<\/p>\n\n\n\n<p>P. H. Resens Atlas Danicus viser \u00c5rhus omkring 1670 (orienteret mod syd). P\u00e5 udsnittet til venstre ses i \u00f8verste venstre hj\u00f8rne <a href=\"https:\/\/aarhuswiki.dk\/wiki\/Aarhus_Domkirke\">Domkirken<\/a>. Til h\u00f8jre for Domkirken ligger <a href=\"https:\/\/aarhuswiki.dk\/wiki\/Store_Torv\">Store Torv<\/a> med en mindre galge (med en kagstolpe \u2013 til piskestraffe &#8211; p\u00e5 venstre side?). I nederste h\u00f8jre hj\u00f8rne ligger Galgebakken med den store galge. Vejen derud gik ad <a href=\"https:\/\/aarhuswiki.dk\/wiki\/Byporte\">Munkeport<\/a>, der ses oven for Galgebakken, hvor vejen g\u00e5r ud af byen.<\/p>\n\n\n\n<p>Offentlig h\u00e6ngning<\/p>\n\n\n\n<p>Offentlige afstraffelser og henrettelser fandt sted om morgenen. Kagstrygning (piskning) og halshugning foregik p\u00e5 byens torv, mens h\u00e6ngninger fandt sted uden for byen \u2013 i \u00c5rhus p\u00e5 Galgebakken. H\u00e6ngninger var tyvenes straf, efter Jyske Lov, der straffede tyveri for mere en \u00bd marks v\u00e6rdi (en okse havde f.eks. 1 marks v\u00e6rdi) med h\u00e6ngning.<\/p>\n\n\n\n<p>Den d\u00f8mte blev if\u00f8rt hvide kl\u00e6der med sorte b\u00e5nd, og blev fra arresten f\u00f8rt ud til galgen \u2013 specielt i senere tider i f\u00f8lge med en pr\u00e6st, hvis opgave var at minde om Guds n\u00e5de og muligheden for det evige liv i Himmelen ved at angre ugerningen. Ofte var der allerede publikum forsamlet omkring retterstedet f\u00f8r den d\u00f8mte ankom.<\/p>\n\n\n\n<p>Ved galgen blev den d\u00f8mte overgivet til skarpretteren og hans hj\u00e6lpers varet\u00e6gt. Hj\u00e6lperen var natmanden \u2013 den, der t\u00f8mte byens lokumsspande om natten. Hj\u00e6lperen bandt den d\u00f8mtes h\u00e6nder, mens skarpretteren forestod selve h\u00e6ngningen.<\/p>\n\n\n\n<p>Ved h\u00e6ngningen blev den d\u00f8mte med reb om halsen sl\u00e6bt op ad en stige, der l\u00e6nede sig op ad galgen. Skarpretteren satte sig overskr\u00e6vs p\u00e5 galgen og f\u00e6stnede rebene hertil, hvorefter han kunne sparke stigen v\u00e6k under den d\u00f8mte. Liget blev h\u00e6ngende til det selv faldt ned til skr\u00e6k og advarsel. Herefter blev det begravet p\u00e5 retterstedet, med mindre man havde f\u00e5et ben\u00e5dning til at blive begravet i indviet jord.<\/p>\n\n\n\n<p>Morgeneksercits p\u00e5 Galgebakken<\/p>\n\n\n\n<p>Borgerv\u00e6bningen holder morgeneksercits p\u00e5 Galgebakken i det nordlige Aarhus. I de sidste \u00e5rtier borgerv\u00e6bningen eksisterede, var den mere af navn end af gavn, og milit\u00e6ret havde ikke meget til overs for den. Selv tog medlemmerne sig deres arbejde meget h\u00f8jtideligt, da det ogs\u00e5 medf\u00f8rte en \u00f8get prestige blandt visse borgere i Aarhus. Andre fandt dog denne selvh\u00f8jtidlighed morsom.<\/p>\n\n\n\n<p>Omr\u00e5det Galgebakken l\u00e5 p\u00e5 det sted, der i dag omsluttes af gaderne Langelandsgade, Kaserneboulevarden og Ny Munkegade.<\/p>\n","protected":false},"excerpt":{"rendered":"<p>Artillerivangen med galgebakke og kaserne \u00c6r\u00f8gade optr\u00e6der f\u00f8rste gang i Aarhus Vejviser i 1918, men da er det bare en [&hellip;]<\/p>\n","protected":false},"author":1,"featured_media":0,"parent":7,"menu_order":0,"comment_status":"closed","ping_status":"closed","template":"","meta":{"site-sidebar-layout":"default","site-content-layout":"","ast-site-content-layout":"default","site-content-style":"default","site-sidebar-style":"default","ast-global-header-display":"","ast-banner-title-visibility":"","ast-main-header-display":"","ast-hfb-above-header-display":"","ast-hfb-below-header-display":"","ast-hfb-mobile-header-display":"","site-post-title":"","ast-breadcrumbs-content":"","ast-featured-img":"","footer-sml-layout":"","ast-disable-related-posts":"","theme-transparent-header-meta":"","adv-header-id-meta":"","stick-header-meta":"","header-above-stick-meta":"","header-main-stick-meta":"","header-below-stick-meta":"","astra-migrate-meta-layouts":"default","ast-page-background-enabled":"default","ast-page-background-meta":{"desktop":{"background-color":"var(--ast-global-color-4)","background-image":"","background-repeat":"repeat","background-position":"center center","background-size":"auto","background-attachment":"scroll","background-type":"","background-media":"","overlay-type":"","overlay-color":"","overlay-opacity":"","overlay-gradient":""},"tablet":{"background-color":"","background-image":"","background-repeat":"repeat","background-position":"center center","background-size":"auto","background-attachment":"scroll","background-type":"","background-media":"","overlay-type":"","overlay-color":"","overlay-opacity":"","overlay-gradient":""},"mobile":{"background-color":"","background-image":"","background-repeat":"repeat","background-position":"center center","background-size":"auto","background-attachment":"scroll","background-type":"","background-media":"","overlay-type":"","overlay-color":"","overlay-opacity":"","overlay-gradient":""}},"ast-content-background-meta":{"desktop":{"background-color":"var(--ast-global-color-5)","background-image":"","background-repeat":"repeat","background-position":"center center","background-size":"auto","background-attachment":"scroll","background-type":"","background-media":"","overlay-type":"","overlay-color":"","overlay-opacity":"","overlay-gradient":""},"tablet":{"background-color":"var(--ast-global-color-5)","background-image":"","background-repeat":"repeat","background-position":"center center","background-size":"auto","background-attachment":"scroll","background-type":"","background-media":"","overlay-type":"","overlay-color":"","overlay-opacity":"","overlay-gradient":""},"mobile":{"background-color":"var(--ast-global-color-5)","background-image":"","background-repeat":"repeat","background-position":"center center","background-size":"auto","background-attachment":"scroll","background-type":"","background-media":"","overlay-type":"","overlay-color":"","overlay-opacity":"","overlay-gradient":""}},"footnotes":""},"class_list":["post-18","page","type-page","status-publish","hentry"],"_links":{"self":[{"href":"https:\/\/xn--nddebohistorier-5tb.dk\/index.php?rest_route=\/wp\/v2\/pages\/18"}],"collection":[{"href":"https:\/\/xn--nddebohistorier-5tb.dk\/index.php?rest_route=\/wp\/v2\/pages"}],"about":[{"href":"https:\/\/xn--nddebohistorier-5tb.dk\/index.php?rest_route=\/wp\/v2\/types\/page"}],"author":[{"embeddable":true,"href":"https:\/\/xn--nddebohistorier-5tb.dk\/index.php?rest_route=\/wp\/v2\/users\/1"}],"replies":[{"embeddable":true,"href":"https:\/\/xn--nddebohistorier-5tb.dk\/index.php?rest_route=%2Fwp%2Fv2%2Fcomments&post=18"}],"version-history":[{"count":4,"href":"https:\/\/xn--nddebohistorier-5tb.dk\/index.php?rest_route=\/wp\/v2\/pages\/18\/revisions"}],"predecessor-version":[{"id":44,"href":"https:\/\/xn--nddebohistorier-5tb.dk\/index.php?rest_route=\/wp\/v2\/pages\/18\/revisions\/44"}],"up":[{"embeddable":true,"href":"https:\/\/xn--nddebohistorier-5tb.dk\/index.php?rest_route=\/wp\/v2\/pages\/7"}],"wp:attachment":[{"href":"https:\/\/xn--nddebohistorier-5tb.dk\/index.php?rest_route=%2Fwp%2Fv2%2Fmedia&parent=18"}],"curies":[{"name":"wp","href":"https:\/\/api.w.org\/{rel}","templated":true}]}}