{"id":7,"date":"2024-11-01T19:03:08","date_gmt":"2024-11-01T19:03:08","guid":{"rendered":"https:\/\/xn--nddebohistorier-5tb.dk\/?page_id=7"},"modified":"2025-10-14T20:43:24","modified_gmt":"2025-10-14T20:43:24","slug":"omraadets-historie","status":"publish","type":"page","link":"https:\/\/xn--nddebohistorier-5tb.dk\/?page_id=7","title":{"rendered":"N\u00f8ddebo 100 \u00e5r"},"content":{"rendered":"\n<p>\u00c6r\u00f8gade optr\u00e6der f\u00f8rste gang i Aarhus Vejviser i 1918, men da er det bare en grusvej uden huse. Det f\u00f8rste hus p\u00e5 vejen er nr.\u00a0 6, der kommer i 1919.\u00a0 Her bor beslagsmed R. Hansen. N\u00f8ddebo i nr. 5 bliver f\u00f8rste gang n\u00e6vnt i Vejviseren fra 1925. Samme \u00e5r som alle husene p\u00e5 vejen er beboede.<\/p>\n\n\n\n<p><\/p>\n\n\n\n<p><\/p>\n\n\n\n<p>Nr. 5 bliver f\u00f8rste gang n\u00e6vnt i Vejviseren fra 1925.<\/p>\n\n\n\n<p>I 1925 er det ogs\u00e5 f\u00f8rste gang, at alle husene p\u00e5 vejen er beboede.<\/p>\n\n\n\n<p>Ved <a href=\"https:\/\/aarhuswiki.dk\/wiki\/Aarhus_Universitet\">Universitetet<\/a>, hvor <a href=\"https:\/\/aarhuswiki.dk\/wiki\/Ny_Munkegade\">Ny Munkegade<\/a> nu ender, l\u00e5 indtil engang i 1700-tallet <strong>Galgebakken<\/strong>: Helt bogstaveligt stedet, hvor folk blev h\u00e6ngt. Ny Munkegade gik til at begynde med bl.a. under navnet Galgebakkevej.<\/p>\n\n\n\n<p>P. H. Resens Atlas Danicus viser \u00c5rhus omkring 1670 (orienteret mod syd). P\u00e5 udsnittet til venstre ses i \u00f8verste venstre hj\u00f8rne <a href=\"https:\/\/aarhuswiki.dk\/wiki\/Aarhus_Domkirke\">Domkirken<\/a>. Til h\u00f8jre for Domkirken ligger <a href=\"https:\/\/aarhuswiki.dk\/wiki\/Store_Torv\">Store Torv<\/a> med en mindre galge (med en kagstolpe \u2013 til piskestraffe &#8211; p\u00e5 venstre side?). I nederste h\u00f8jre hj\u00f8rne ligger Galgebakken med den store galge. Vejen derud gik ad <a href=\"https:\/\/aarhuswiki.dk\/wiki\/Byporte\">Munkeport<\/a>, der ses oven for Galgebakken, hvor vejen g\u00e5r ud af byen.<\/p>\n\n\n\n<p><strong>Offentlig h\u00e6ngning<\/strong><\/p>\n\n\n\n<p>Offentlige afstraffelser og henrettelser fandt sted om morgenen. Kagstrygning (piskning) og halshugning foregik p\u00e5 byens torv, mens h\u00e6ngninger fandt sted uden for byen \u2013 i \u00c5rhus p\u00e5 Galgebakken. H\u00e6ngninger var tyvenes straf, efter Jyske Lov, der straffede tyveri for mere en \u00bd marks v\u00e6rdi (en okse havde f.eks. 1 marks v\u00e6rdi) med h\u00e6ngning.<\/p>\n","protected":false},"excerpt":{"rendered":"<p>\u00c6r\u00f8gade optr\u00e6der f\u00f8rste gang i Aarhus Vejviser i 1918, men da er det bare en grusvej uden huse. Det f\u00f8rste [&hellip;]<\/p>\n","protected":false},"author":1,"featured_media":0,"parent":0,"menu_order":1,"comment_status":"closed","ping_status":"closed","template":"","meta":{"site-sidebar-layout":"default","site-content-layout":"","ast-site-content-layout":"default","site-content-style":"default","site-sidebar-style":"default","ast-global-header-display":"","ast-banner-title-visibility":"","ast-main-header-display":"","ast-hfb-above-header-display":"","ast-hfb-below-header-display":"","ast-hfb-mobile-header-display":"","site-post-title":"","ast-breadcrumbs-content":"","ast-featured-img":"","footer-sml-layout":"","ast-disable-related-posts":"","theme-transparent-header-meta":"","adv-header-id-meta":"","stick-header-meta":"","header-above-stick-meta":"","header-main-stick-meta":"","header-below-stick-meta":"","astra-migrate-meta-layouts":"default","ast-page-background-enabled":"default","ast-page-background-meta":{"desktop":{"background-color":"var(--ast-global-color-4)","background-image":"","background-repeat":"repeat","background-position":"center center","background-size":"auto","background-attachment":"scroll","background-type":"","background-media":"","overlay-type":"","overlay-color":"","overlay-opacity":"","overlay-gradient":""},"tablet":{"background-color":"","background-image":"","background-repeat":"repeat","background-position":"center center","background-size":"auto","background-attachment":"scroll","background-type":"","background-media":"","overlay-type":"","overlay-color":"","overlay-opacity":"","overlay-gradient":""},"mobile":{"background-color":"","background-image":"","background-repeat":"repeat","background-position":"center center","background-size":"auto","background-attachment":"scroll","background-type":"","background-media":"","overlay-type":"","overlay-color":"","overlay-opacity":"","overlay-gradient":""}},"ast-content-background-meta":{"desktop":{"background-color":"var(--ast-global-color-5)","background-image":"","background-repeat":"repeat","background-position":"center center","background-size":"auto","background-attachment":"scroll","background-type":"","background-media":"","overlay-type":"","overlay-color":"","overlay-opacity":"","overlay-gradient":""},"tablet":{"background-color":"var(--ast-global-color-5)","background-image":"","background-repeat":"repeat","background-position":"center center","background-size":"auto","background-attachment":"scroll","background-type":"","background-media":"","overlay-type":"","overlay-color":"","overlay-opacity":"","overlay-gradient":""},"mobile":{"background-color":"var(--ast-global-color-5)","background-image":"","background-repeat":"repeat","background-position":"center center","background-size":"auto","background-attachment":"scroll","background-type":"","background-media":"","overlay-type":"","overlay-color":"","overlay-opacity":"","overlay-gradient":""}},"footnotes":""},"class_list":["post-7","page","type-page","status-publish","hentry"],"_links":{"self":[{"href":"https:\/\/xn--nddebohistorier-5tb.dk\/index.php?rest_route=\/wp\/v2\/pages\/7"}],"collection":[{"href":"https:\/\/xn--nddebohistorier-5tb.dk\/index.php?rest_route=\/wp\/v2\/pages"}],"about":[{"href":"https:\/\/xn--nddebohistorier-5tb.dk\/index.php?rest_route=\/wp\/v2\/types\/page"}],"author":[{"embeddable":true,"href":"https:\/\/xn--nddebohistorier-5tb.dk\/index.php?rest_route=\/wp\/v2\/users\/1"}],"replies":[{"embeddable":true,"href":"https:\/\/xn--nddebohistorier-5tb.dk\/index.php?rest_route=%2Fwp%2Fv2%2Fcomments&post=7"}],"version-history":[{"count":5,"href":"https:\/\/xn--nddebohistorier-5tb.dk\/index.php?rest_route=\/wp\/v2\/pages\/7\/revisions"}],"predecessor-version":[{"id":40,"href":"https:\/\/xn--nddebohistorier-5tb.dk\/index.php?rest_route=\/wp\/v2\/pages\/7\/revisions\/40"}],"wp:attachment":[{"href":"https:\/\/xn--nddebohistorier-5tb.dk\/index.php?rest_route=%2Fwp%2Fv2%2Fmedia&parent=7"}],"curies":[{"name":"wp","href":"https:\/\/api.w.org\/{rel}","templated":true}]}}